{"id":1185,"date":"2024-11-07T13:33:43","date_gmt":"2024-11-07T14:33:43","guid":{"rendered":"https:\/\/ivarssonsafety.se\/?page_id=1185"},"modified":"2024-11-11T11:23:40","modified_gmt":"2024-11-11T12:23:40","slug":"tankesmedja","status":"publish","type":"page","link":"https:\/\/ivarssonsafety.se\/index.php\/tankesmedja\/","title":{"rendered":"Tankesmedja systems\u00e4kerhet"},"content":{"rendered":"\n<div class=\"wp-block-columns is-layout-flex wp-container-core-columns-is-layout-9d6595d7 wp-block-columns-is-layout-flex\">\n<div class=\"wp-block-column is-layout-flow wp-block-column-is-layout-flow\" style=\"flex-basis:45%\">\n<h3 class=\"wp-block-heading has-midnight-gradient-background has-background\"><strong>Bakgrund<\/strong><\/h3>\n\n\n\n<p class=\"has-midnight-gradient-background has-background\">I \u00f6ver 25 \u00e5r har jag varit engagerad i fr\u00e5gan om \u00f6kad s\u00e4kerhet inom v\u00e5rden och jag medverkade i Lex Maria-utredningen som gjordes kring millennieskiftet. Det har dock inte h\u00e4nt s\u00e5 mycket under dessa 25 \u00e5r, v\u00e5rden har fortfarande ett mycket ofullst\u00e4ndigt s\u00e4kerhetssystem, s\u00e5 jag f\u00f6rs\u00f6ker fortfarande sprida kunskap och driva opinion om systems\u00e4kerhet f\u00f6r v\u00e5rden.<\/p>\n\n\n\n<p class=\"has-midnight-gradient-background has-background\">P\u00e5 senare \u00e5r har jag ocks\u00e5 engagerat mig i s\u00e4kerhetsfr\u00e5gor r\u00f6rande smittskydd och hur systems\u00e4kerhet generellt skulle kunna komma till nytta inom m\u00e5nga fler omr\u00e5den utanf\u00f6r de tekniska h\u00f6griskbranscherna. <\/p>\n\n\n\n<h3 class=\"wp-block-heading has-midnight-gradient-background has-background\"><strong>Opinionsbildning<\/strong><\/h3>\n\n\n\n<p class=\"has-midnight-gradient-background has-background\">Jag driver opinion p\u00e5 lite olika s\u00e4tt, genom debattartiklar och via min blogg p\u00e5 Substack, l\u00e4nkar finns h\u00e4r: <a href=\"https:\/\/ivarssonsafety.se\/index.php\/mina-publikationer\/\">Mina publikationer<\/a><\/p>\n\n\n\n<p class=\"has-midnight-gradient-background has-background\">Jag administrerar en Facebookgrupp om v\u00e5rdsystems\u00e4kerhet, riktad till professionella, dels personal inom v\u00e5rd och omsorg, dels alla som arbetar med s\u00e4kerhet i olika branscher.<\/p>\n\n\n\n<p class=\"has-midnight-gradient-background has-background\">Jag skriver ocks\u00e5 om s\u00e4kerhet p\u00e5 andra sociala medier: framf\u00f6rallt p\u00e5 Mastodon, Bluesky, X\/Twitter, Threads och LinkedIn, l\u00e4nkar finns h\u00e4r: <a href=\"https:\/\/linktr.ee\/kbivarsson\">https:\/\/linktr.ee\/kbivarsson<\/a><\/p>\n<\/div>\n\n\n\n<div class=\"wp-block-column is-layout-flow wp-block-column-is-layout-flow\" style=\"flex-basis:5%\"><\/div>\n\n\n\n<div class=\"wp-block-column is-layout-flow wp-block-column-is-layout-flow\" style=\"flex-basis:45%\">\n<h3 class=\"wp-block-heading has-midnight-gradient-background has-background\"><strong>Kunskapsspridning<\/strong><\/h3>\n\n\n\n<p class=\"has-midnight-gradient-background has-background\">Jag skriver p\u00e5 en bok om systems\u00e4kerhet och grundl\u00e4ggande s\u00e4kerhetskunskap. Boken riktar sig fr\u00e4mst till de som idag inte \u00e4r s\u00e5 insatta i \u00e4mnet, till de som inte \u00e4r ingenj\u00f6rer, men som vill eller beh\u00f6ver f\u00e5 en \u00f6vergripande f\u00f6rst\u00e5else f\u00f6r \u00e4mnet. Mitt ambition \u00e4r att f\u00f6rklara hur systems\u00e4kerhet och dess verktyg kan anv\u00e4ndas f\u00f6r annat \u00e4n teknik, och hur systems\u00e4kerhet f\u00f6rh\u00e5ller sig till andra kunskapsomr\u00e5den.<\/p>\n\n\n\n<p class=\"has-midnight-gradient-background has-background\">Jag \u00f6verv\u00e4ger ocks\u00e5 andra s\u00e4tt att n\u00e5 ut, vilket jag kommer att \u00e5terkomma till.<\/p>\n\n\n\n<h3 class=\"wp-block-heading has-midnight-gradient-background has-background\"><strong>Vill du sponsra mitt arbete?<\/strong><\/h3>\n\n\n\n<p class=\"has-midnight-gradient-background has-background\">Huvuddelen av detta arbete har jag gjort och g\u00f6r ideellt, jag har m\u00e5nga g\u00e5nger f\u00f6rs\u00f6kt hitta n\u00e5gonstans att forska inom s\u00e4kerhetsstyrning, men har aldrig hittat n\u00e5gon handledare med liknande intressen, \u00e4n mindre finansiering. Men det viktigaste jag driver handlar egentligen inte s\u00e5 mycket om forskning, utan om att skapa en infrastruktur f\u00f6r s\u00e4kerhetsarbetet i v\u00e5rd och omsorg, och att inf\u00f6ra s\u00e4kerhetskrav i lagen. Och den fr\u00e5gan \u00e4r s\u00e5 viktig att jag lagt ner mycket tid p\u00e5 detta \u00e4ven utan finasiering. Jag tar g\u00e4rna emot sponsring fr\u00e5n den som vill st\u00f6dja mitt opinionsarbete, f\u00f6r att ge mig st\u00f6rre m\u00f6jlighet att \u00e4gna mig mer \u00e5t det.<\/p>\n\n\n\n<div class=\"wp-block-buttons is-layout-flex wp-block-buttons-is-layout-flex\">\n<div class=\"wp-block-button\"><a class=\"wp-block-button__link has-white-color has-cool-to-warm-spectrum-gradient-background has-text-color has-background has-link-color wp-element-button\" href=\"https:\/\/ivarssonsafety.se\/index.php\/vill-du-sponsra-mitt-arbete\/\"><strong>L\u00e4nk till olika s\u00e4tt att sponsra:<\/strong><\/a><\/div>\n<\/div>\n<\/div>\n<\/div>\n","protected":false},"excerpt":{"rendered":"<p>Bakgrund I \u00f6ver 25 \u00e5r har jag varit engagerad i fr\u00e5gan om \u00f6kad s\u00e4kerhet inom v\u00e5rden och jag medverkade i Lex Maria-utredningen som gjordes kring millennieskiftet. Det har dock inte h\u00e4nt s\u00e5 mycket <span class=\"excerpt-dots\">&hellip;<\/span> <a class=\"more-link\" href=\"https:\/\/ivarssonsafety.se\/index.php\/tankesmedja\/\"><span class=\"more-msg\">L\u00e4s mer &rarr;<\/span><\/a><\/p>\n","protected":false},"author":1,"featured_media":0,"parent":0,"menu_order":20,"comment_status":"closed","ping_status":"closed","template":"","meta":{"footnotes":""},"class_list":["post-1185","page","type-page","status-publish","hentry"],"_links":{"self":[{"href":"https:\/\/ivarssonsafety.se\/index.php\/wp-json\/wp\/v2\/pages\/1185","targetHints":{"allow":["GET"]}}],"collection":[{"href":"https:\/\/ivarssonsafety.se\/index.php\/wp-json\/wp\/v2\/pages"}],"about":[{"href":"https:\/\/ivarssonsafety.se\/index.php\/wp-json\/wp\/v2\/types\/page"}],"author":[{"embeddable":true,"href":"https:\/\/ivarssonsafety.se\/index.php\/wp-json\/wp\/v2\/users\/1"}],"replies":[{"embeddable":true,"href":"https:\/\/ivarssonsafety.se\/index.php\/wp-json\/wp\/v2\/comments?post=1185"}],"version-history":[{"count":29,"href":"https:\/\/ivarssonsafety.se\/index.php\/wp-json\/wp\/v2\/pages\/1185\/revisions"}],"predecessor-version":[{"id":1573,"href":"https:\/\/ivarssonsafety.se\/index.php\/wp-json\/wp\/v2\/pages\/1185\/revisions\/1573"}],"wp:attachment":[{"href":"https:\/\/ivarssonsafety.se\/index.php\/wp-json\/wp\/v2\/media?parent=1185"}],"curies":[{"name":"wp","href":"https:\/\/api.w.org\/{rel}","templated":true}]}}