{"id":1243,"date":"2024-11-07T18:29:53","date_gmt":"2024-11-07T19:29:53","guid":{"rendered":"https:\/\/ivarssonsafety.se\/?page_id=1243"},"modified":"2024-11-09T20:17:40","modified_gmt":"2024-11-09T21:17:40","slug":"vill-du-sponsra-mitt-arbete","status":"publish","type":"page","link":"https:\/\/ivarssonsafety.se\/index.php\/vill-du-sponsra-mitt-arbete\/","title":{"rendered":"St\u00f6tta mitt arbete"},"content":{"rendered":"\n<h3 class=\"wp-block-heading has-midnight-gradient-background has-background\"><strong>Varf\u00f6r sponsra mitt arbete?<\/strong><\/h3>\n\n\n\n<p class=\"has-midnight-gradient-background has-background\">Om du uppskattar det arbete jag har gjort, om du liksom jag tror att v\u00e5rden skulle kunna bli s\u00e4krare om man inf\u00f6rde systems\u00e4kerhet, med tydliga s\u00e4kerhetskrav i lagen och oberoende s\u00e4kerhetsstyrning, s\u00e5 \u00e4r jag tacksam f\u00f6r st\u00f6d och sponsring, vilket kan ge mig \u00f6kad m\u00f6jlighet att arbeta med dessa fr\u00e5gor. Jag har genom \u00e5ren lagt ner \u00e5tskilliga obetalda timmar p\u00e5 detta. Nu skriver jag p\u00e5 en bok om s\u00e4kerhet riktad till icke-ingenj\u00f6rer, jag vill g\u00e4rna sammanfatta allt jag t\u00e4nkt om dessa fr\u00e5gor innan jag pensionerar mig, utg\u00e5ende fr\u00e5n min speciella kombination av kompetens och erfarenhet. Jag tror att verktyg fr\u00e5n systems\u00e4kerhetsomr\u00e5det skulle kunna anv\u00e4ndas mycket mer utanf\u00f6r de tekniska h\u00f6griskbranscherna, inte bara v\u00e5rden utan \u00e4ven andra s\u00e4kerhetsrelaterade verksamheter. Har skrivit en del om det p\u00e5 Substack: <a href=\"https:\/\/kerstinivarsson.substack.com\/\">https:\/\/kerstinivarsson.substack.com\/<\/a><\/p>\n\n\n\n<h3 class=\"wp-block-heading has-midnight-gradient-background has-background\"><strong>Olika s\u00e4tt att st\u00f6dja och sponsra mitt arbete<\/strong><\/h3>\n\n\n\n<p class=\"has-midnight-gradient-background has-background\">Du kan st\u00f6dja mitt arbete genom att prenumerera p\u00e5 mitt nyhetsbrev p\u00e5 Substack. Det kan man g\u00f6ra gratis eller via betalversionen. Jag har hittills l\u00e5tit alla texter vara \u00f6ppna f\u00f6r alla, huvudsyftet \u00e4r att n\u00e5 ut, inte att tj\u00e4na pengar, men om du uppskattar mitt arbete och vill st\u00f6dja det, v\u00e4lj g\u00e4rna betalversionen. <a href=\"https:\/\/kerstinivarsson.substack.com\/p\/coming-soon\">https:\/\/kerstinivarsson.substack.com\/p\/coming-soon<\/a><\/p>\n\n\n\n<div class=\"wp-block-columns is-layout-flex wp-container-core-columns-is-layout-9d6595d7 wp-block-columns-is-layout-flex\">\n<div class=\"wp-block-column is-layout-flow wp-block-column-is-layout-flow\" style=\"flex-basis:1%\"><\/div>\n\n\n\n<div class=\"wp-block-column is-vertically-aligned-center has-black-background-color has-background is-layout-flow wp-block-column-is-layout-flow\" style=\"flex-basis:25%\"><div class=\"wp-block-image\">\n<figure class=\"aligncenter size-large is-resized\"><img loading=\"lazy\" decoding=\"async\" width=\"1024\" height=\"312\" src=\"https:\/\/ivarssonsafety.se\/wp-content\/uploads\/2024\/11\/Swish-Logo-Secondary-Dark-BG--1024x312.png\" alt=\"\" class=\"wp-image-1295\" style=\"width:240px;height:auto\" srcset=\"https:\/\/ivarssonsafety.se\/wp-content\/uploads\/2024\/11\/Swish-Logo-Secondary-Dark-BG--1024x312.png 1024w, https:\/\/ivarssonsafety.se\/wp-content\/uploads\/2024\/11\/Swish-Logo-Secondary-Dark-BG--300x91.png 300w, https:\/\/ivarssonsafety.se\/wp-content\/uploads\/2024\/11\/Swish-Logo-Secondary-Dark-BG--768x234.png 768w, https:\/\/ivarssonsafety.se\/wp-content\/uploads\/2024\/11\/Swish-Logo-Secondary-Dark-BG--1536x468.png 1536w, https:\/\/ivarssonsafety.se\/wp-content\/uploads\/2024\/11\/Swish-Logo-Secondary-Dark-BG-.png 1734w\" sizes=\"auto, (max-width: 1024px) 100vw, 1024px\" \/><\/figure>\n<\/div><\/div>\n\n\n\n<div class=\"wp-block-column is-layout-flow wp-block-column-is-layout-flow\" style=\"flex-basis:1%\"><\/div>\n\n\n\n<div class=\"wp-block-column is-vertically-aligned-center is-layout-flow wp-block-column-is-layout-flow\" style=\"flex-basis:56%\">\n<p class=\"has-text-align-center has-midnight-gradient-background has-background\">Du kan ocks\u00e5 sponsra mitt arbete direkt genom att swisha till <strong>1236669154<\/strong> . Numret \u00e4r kopplat till mitt f\u00f6retagskonto och int\u00e4kter via sponsring kommer att bokf\u00f6ras och beskattas som andra int\u00e4kter till f\u00f6retaget. <\/p>\n<\/div>\n\n\n\n<div class=\"wp-block-column is-layout-flow wp-block-column-is-layout-flow\" style=\"flex-basis:1%\"><\/div>\n\n\n\n<div class=\"wp-block-column is-vertically-aligned-bottom is-layout-flow wp-block-column-is-layout-flow\" style=\"flex-basis:26%\"><div class=\"wp-block-image\">\n<figure class=\"aligncenter size-full is-resized\"><img loading=\"lazy\" decoding=\"async\" width=\"821\" height=\"809\" src=\"https:\/\/ivarssonsafety.se\/wp-content\/uploads\/2024\/11\/QR-Swish-foretag.jpeg\" alt=\"\" class=\"wp-image-1278\" style=\"width:175px;height:auto\" srcset=\"https:\/\/ivarssonsafety.se\/wp-content\/uploads\/2024\/11\/QR-Swish-foretag.jpeg 821w, https:\/\/ivarssonsafety.se\/wp-content\/uploads\/2024\/11\/QR-Swish-foretag-300x296.jpeg 300w, https:\/\/ivarssonsafety.se\/wp-content\/uploads\/2024\/11\/QR-Swish-foretag-768x757.jpeg 768w\" sizes=\"auto, (max-width: 821px) 100vw, 821px\" \/><\/figure>\n<\/div><\/div>\n\n\n\n<div class=\"wp-block-column is-layout-flow wp-block-column-is-layout-flow\" style=\"flex-basis:1%\"><\/div>\n<\/div>\n\n\n\n<p class=\"has-midnight-gradient-background has-background\">Om du uppskattar mina texter kan du ocks\u00e5 st\u00f6dja mitt arbete genom att dela och sprida dem till andra!<\/p>\n","protected":false},"excerpt":{"rendered":"<p>Varf\u00f6r sponsra mitt arbete? Om du uppskattar det arbete jag har gjort, om du liksom jag tror att v\u00e5rden skulle kunna bli s\u00e4krare om man inf\u00f6rde systems\u00e4kerhet, med tydliga s\u00e4kerhetskrav i lagen och <span class=\"excerpt-dots\">&hellip;<\/span> <a class=\"more-link\" href=\"https:\/\/ivarssonsafety.se\/index.php\/vill-du-sponsra-mitt-arbete\/\"><span class=\"more-msg\">L\u00e4s mer &rarr;<\/span><\/a><\/p>\n","protected":false},"author":1,"featured_media":0,"parent":0,"menu_order":65,"comment_status":"closed","ping_status":"closed","template":"","meta":{"footnotes":""},"class_list":["post-1243","page","type-page","status-publish","hentry"],"_links":{"self":[{"href":"https:\/\/ivarssonsafety.se\/index.php\/wp-json\/wp\/v2\/pages\/1243","targetHints":{"allow":["GET"]}}],"collection":[{"href":"https:\/\/ivarssonsafety.se\/index.php\/wp-json\/wp\/v2\/pages"}],"about":[{"href":"https:\/\/ivarssonsafety.se\/index.php\/wp-json\/wp\/v2\/types\/page"}],"author":[{"embeddable":true,"href":"https:\/\/ivarssonsafety.se\/index.php\/wp-json\/wp\/v2\/users\/1"}],"replies":[{"embeddable":true,"href":"https:\/\/ivarssonsafety.se\/index.php\/wp-json\/wp\/v2\/comments?post=1243"}],"version-history":[{"count":65,"href":"https:\/\/ivarssonsafety.se\/index.php\/wp-json\/wp\/v2\/pages\/1243\/revisions"}],"predecessor-version":[{"id":1494,"href":"https:\/\/ivarssonsafety.se\/index.php\/wp-json\/wp\/v2\/pages\/1243\/revisions\/1494"}],"wp:attachment":[{"href":"https:\/\/ivarssonsafety.se\/index.php\/wp-json\/wp\/v2\/media?parent=1243"}],"curies":[{"name":"wp","href":"https:\/\/api.w.org\/{rel}","templated":true}]}}