{"id":1392,"date":"2024-11-09T10:50:20","date_gmt":"2024-11-09T11:50:20","guid":{"rendered":"https:\/\/ivarssonsafety.se\/?page_id=1392"},"modified":"2024-11-13T11:09:52","modified_gmt":"2024-11-13T12:09:52","slug":"forstasidan","status":"publish","type":"page","link":"https:\/\/ivarssonsafety.se\/","title":{"rendered":"Verksamhet"},"content":{"rendered":"\n<p><\/p>\n\n\n\n<p class=\"has-text-align-left has-white-color has-black-background-color has-text-color has-background has-link-color has-medium-font-size wp-elements-a4fa2b5c7970665ba0b55bd33f06d9e7 wp-container-content-69bc4bdf\"><em>Jag erbjuder konsulttj\u00e4nster, men driver i princip ocks\u00e5 min egen lilla tankesmedja. <\/em><\/p>\n\n\n\n<div class=\"wp-block-columns is-layout-flex wp-container-core-columns-is-layout-9d6595d7 wp-block-columns-is-layout-flex\">\n<div class=\"wp-block-column is-layout-flow wp-block-column-is-layout-flow\" style=\"flex-basis:40%\">\n<h3 class=\"wp-block-heading has-midnight-gradient-background has-background\"><strong>Konsulttj\u00e4nster<\/strong><\/h3>\n\n\n\n<p class=\"has-text-align-left has-white-color has-midnight-gradient-background has-text-color has-background has-link-color has-medium-font-size wp-elements-47930dd51ac95d64441e47679788bed6\">Konsulttj\u00e4nster inom systems\u00e4kerhet med fokus p\u00e5 s\u00e4kerhetsstyrning och utbildning, dessutom verksamhetsutveckling och skribentuppdrag. <\/p>\n\n\n\n<div class=\"wp-block-buttons is-layout-flex wp-block-buttons-is-layout-flex\">\n<div class=\"wp-block-button\"><a class=\"wp-block-button__link has-cool-to-warm-spectrum-gradient-background has-background wp-element-button\" href=\"https:\/\/ivarssonsafety.se\/index.php\/tjanster\/\"><strong>L\u00e4s mer &gt;<\/strong><\/a><\/div>\n<\/div>\n\n\n\n<h3 class=\"wp-block-heading has-midnight-gradient-background has-background\"><strong>Opinionsbildning och kunskapsspridning<\/strong><\/h3>\n\n\n\n<p class=\"has-midnight-gradient-background has-background has-medium-font-size\">Min verksamhet \u00e4r numera huvudsakligen inriktad p\u00e5 opinionsbildning och kunskapsspridning om systems\u00e4kerhet i allm\u00e4nhet, och v\u00e5rdsystems\u00e4kerhet i synnerhet, i praktiken en tankesmedja.<\/p>\n\n\n\n<div class=\"wp-block-buttons is-layout-flex wp-block-buttons-is-layout-flex\">\n<div class=\"wp-block-button\"><a class=\"wp-block-button__link has-cool-to-warm-spectrum-gradient-background has-background wp-element-button\" href=\"https:\/\/ivarssonsafety.se\/index.php\/tankesmedja\/\"><strong>L\u00e4s mer &gt;<\/strong><\/a><\/div>\n<\/div>\n\n\n\n<p><\/p>\n<\/div>\n\n\n\n<div class=\"wp-block-column is-layout-flow wp-block-column-is-layout-flow\" style=\"flex-basis:5%\"><\/div>\n\n\n\n<div class=\"wp-block-column is-layout-flow wp-block-column-is-layout-flow\" style=\"flex-basis:40%\">\n<h3 class=\"wp-block-heading has-midnight-gradient-background has-background\"><strong>Aktuella blogginl\u00e4gg<\/strong><\/h3>\n\n\n<ul style=\"background:linear-gradient(309deg,rgb(0,0,0) 0%,rgb(9,96,246) 100%);\" class=\"wp-block-latest-posts__list has-dates aligncenter wp-block-latest-posts has-background\"><li><a class=\"wp-block-latest-posts__post-title\" href=\"https:\/\/ivarssonsafety.se\/index.php\/2024\/11\/10\/hemsidan-ar-uppdaterad\/\">Hemsidan \u00e4r uppdaterad<\/a><time datetime=\"2024-11-10T08:59:02-01:00\" class=\"wp-block-latest-posts__post-date\">2024-11-10<\/time><div class=\"wp-block-latest-posts__post-excerpt\">Jag har uppdaterat hemsidan s\u00e5 att den b\u00e4ttre speglar min inriktning numera. Har inga planer p\u00e5 att pensionera mig <span class=\"excerpt-dots\">&hellip;<\/span> <a class=\"more-link\" href=\"https:\/\/ivarssonsafety.se\/index.php\/2024\/11\/10\/hemsidan-ar-uppdaterad\/\"><span class=\"more-msg\">L\u00e4s mer &rarr;<\/span><\/a><\/div><\/li>\n<li><a class=\"wp-block-latest-posts__post-title\" href=\"https:\/\/ivarssonsafety.se\/index.php\/2023\/06\/13\/om-karnverksamhetsutveckling-och-akta-effektivisering\/\">Om k\u00e4rnverksamhetsutveckling och \u00e4kta effektivisering<\/a><time datetime=\"2023-06-13T15:37:39-01:00\" class=\"wp-block-latest-posts__post-date\">2023-06-13<\/time><div class=\"wp-block-latest-posts__post-excerpt\">Har b\u00f6rjat skriva en serier texter om verksamhetsutveckling p\u00e5 Substack, d\u00e4r jag beskriver hur jag brukar arbeta med fr\u00e5gan: <span class=\"excerpt-dots\">&hellip;<\/span> <a class=\"more-link\" href=\"https:\/\/ivarssonsafety.se\/index.php\/2023\/06\/13\/om-karnverksamhetsutveckling-och-akta-effektivisering\/\"><span class=\"more-msg\">L\u00e4s mer &rarr;<\/span><\/a><\/div><\/li>\n<li><a class=\"wp-block-latest-posts__post-title\" href=\"https:\/\/ivarssonsafety.se\/index.php\/2023\/02\/07\/standiga-forbattringar-eller-tillrackligt-bra-och-godkant\/\">St\u00e4ndiga f\u00f6rb\u00e4ttringar, eller tillr\u00e4ckligt bra och godk\u00e4nt?<\/a><time datetime=\"2023-02-07T20:41:43-01:00\" class=\"wp-block-latest-posts__post-date\">2023-02-07<\/time><div class=\"wp-block-latest-posts__post-excerpt\">Har skrivit en text om st\u00e4ndiga f\u00f6rb\u00e4ttringar p\u00e5 Substack, och om skillnaden mellan s\u00e4kerhet och kvalitet: https:\/\/kerstinivarsson.substack.com\/p\/standiga-forbattringar-eller-tillrackligt<\/div><\/li>\n<\/ul><\/div>\n<\/div>\n","protected":false},"excerpt":{"rendered":"<p>Jag erbjuder konsulttj\u00e4nster, men driver i princip ocks\u00e5 min egen lilla tankesmedja. Konsulttj\u00e4nster Konsulttj\u00e4nster inom systems\u00e4kerhet med fokus p\u00e5 s\u00e4kerhetsstyrning och utbildning, dessutom verksamhetsutveckling och skribentuppdrag. Opinionsbildning och kunskapsspridning Min verksamhet \u00e4r numera <span class=\"excerpt-dots\">&hellip;<\/span> <a class=\"more-link\" href=\"https:\/\/ivarssonsafety.se\/\"><span class=\"more-msg\">L\u00e4s mer &rarr;<\/span><\/a><\/p>\n","protected":false},"author":1,"featured_media":0,"parent":0,"menu_order":0,"comment_status":"closed","ping_status":"closed","template":"","meta":{"footnotes":""},"class_list":["post-1392","page","type-page","status-publish","hentry"],"_links":{"self":[{"href":"https:\/\/ivarssonsafety.se\/index.php\/wp-json\/wp\/v2\/pages\/1392","targetHints":{"allow":["GET"]}}],"collection":[{"href":"https:\/\/ivarssonsafety.se\/index.php\/wp-json\/wp\/v2\/pages"}],"about":[{"href":"https:\/\/ivarssonsafety.se\/index.php\/wp-json\/wp\/v2\/types\/page"}],"author":[{"embeddable":true,"href":"https:\/\/ivarssonsafety.se\/index.php\/wp-json\/wp\/v2\/users\/1"}],"replies":[{"embeddable":true,"href":"https:\/\/ivarssonsafety.se\/index.php\/wp-json\/wp\/v2\/comments?post=1392"}],"version-history":[{"count":56,"href":"https:\/\/ivarssonsafety.se\/index.php\/wp-json\/wp\/v2\/pages\/1392\/revisions"}],"predecessor-version":[{"id":1596,"href":"https:\/\/ivarssonsafety.se\/index.php\/wp-json\/wp\/v2\/pages\/1392\/revisions\/1596"}],"wp:attachment":[{"href":"https:\/\/ivarssonsafety.se\/index.php\/wp-json\/wp\/v2\/media?parent=1392"}],"curies":[{"name":"wp","href":"https:\/\/api.w.org\/{rel}","templated":true}]}}