{"id":1535,"date":"2024-11-09T21:35:25","date_gmt":"2024-11-09T22:35:25","guid":{"rendered":"https:\/\/ivarssonsafety.se\/?page_id=1535"},"modified":"2025-03-14T09:34:43","modified_gmt":"2025-03-14T10:34:43","slug":"mina-publikationer","status":"publish","type":"page","link":"https:\/\/ivarssonsafety.se\/index.php\/mina-publikationer\/","title":{"rendered":"Mina publikationer"},"content":{"rendered":"\n<div class=\"wp-block-columns is-layout-flex wp-container-core-columns-is-layout-9d6595d7 wp-block-columns-is-layout-flex\">\n<div class=\"wp-block-column is-layout-flow wp-block-column-is-layout-flow\">\n<h3 class=\"wp-block-heading has-midnight-gradient-background has-background\"><strong>Min blogg &#8221;On System Safety&#8221; p\u00e5 Substack<\/strong><\/h3>\n\n\n\n<p class=\"has-midnight-gradient-background has-background\">Jag skriver om systems\u00e4kerhet p\u00e5 Substack. Mycket handlar om v\u00e5rden, men jag skriver \u00e4ven om s\u00e4kerhet mer generellt, och om till\u00e4mpningar inom andra omr\u00e5den. Prenumerera g\u00e4rna p\u00e5 mitt nyhetsbrev d\u00e4r: <a href=\"https:\/\/kerstinivarsson.substack.com\/p\/coming-soon\">https:\/\/kerstinivarsson.substack.com\/p\/coming-soon<\/a><\/p>\n\n\n\n<p class=\"has-midnight-gradient-background has-background\">F\u00f6r er som mest \u00e4r intresserade av patients\u00e4kerhet, rekommenderar jag att ni l\u00e4ser f\u00f6ljande artikel f\u00f6rst, den ger en bra sammanfattning av hur jag anser att man b\u00e4st skulle kunna \u00f6ka v\u00e5rds\u00e4kerheten:<\/p>\n\n\n\n<p class=\"has-midnight-gradient-background has-background\"><a href=\"https:\/\/kerstinivarsson.substack.com\/p\/om-begreppet-patientsakerhet\">https:\/\/kerstinivarsson.substack.com\/p\/om-begreppet-patientsakerhet<\/a><\/p>\n<\/div>\n\n\n\n<div class=\"wp-block-column is-layout-flow wp-block-column-is-layout-flow\">\n<h3 class=\"wp-block-heading has-midnight-gradient-background has-background\"><strong>Mina publicerade artiklar<\/strong><\/h3>\n\n\n\n<p class=\"has-midnight-gradient-background has-background\">Debattartikel p\u00e5 Dagens Medicins digitala debattsida, 3 mars 2025: <a href=\"https:\/\/www.dagensmedicin.se\/opinion\/debatt\/staten-behover-ta-sitt-ansvar-for-patientsakerheten\/\">https:\/\/www.dagensmedicin.se\/opinion\/debatt\/staten-behover-ta-sitt-ansvar-for-patientsakerheten\/<\/a><\/p>\n\n\n\n<p class=\"has-midnight-gradient-background has-background\">Debattartikel om pandemirisker i Svenska Dagbladet 2020: <a href=\"https:\/\/www.svd.se\/a\/g7lWq5\/otydligt-hur-sverige-varderar-coronarisker\">https:\/\/www.svd.se\/a\/g7lWq5\/otydligt-hur-sverige-varderar-coronarisker<\/a><\/p>\n\n\n\n<p class=\"has-midnight-gradient-background has-background\">Tv\u00e5 artiklar om patients\u00e4kerhet i L\u00e4kartidningen 2000: <a href=\"https:\/\/lakartidningen.se\/wp-content\/uploads\/OldPdfFiles\/2000\/21279.pdf\">https:\/\/lakartidningen.se\/wp-content\/uploads\/OldPdfFiles\/2000\/21279.pdf<\/a><\/p>\n\n\n\n<p class=\"has-midnight-gradient-background has-background\">Jag skrev om s\u00e4kerhetsniv\u00e5er f\u00f6r sjukv\u00e5rden i Dagens Medicin i maj 2002. Artikeln \u00e4r fortfarande mycket aktuell, f\u00f6r inte har det h\u00e4nt s\u00e5 mycket under alla dessa \u00e5r. Nedan finns en kopia p\u00e5 den debattartikeln: <\/p>\n\n\n\n<figure class=\"wp-block-image size-large is-resized\"><img loading=\"lazy\" decoding=\"async\" width=\"564\" height=\"1024\" src=\"https:\/\/ivarssonsafety.se\/wp-content\/uploads\/2024\/11\/e4adf2a6-c167-4541-9128-d6c8e357baf1_1520x2758-564x1024.jpeg\" alt=\"\" class=\"wp-image-1218\" style=\"width:529px;height:auto\" srcset=\"https:\/\/ivarssonsafety.se\/wp-content\/uploads\/2024\/11\/e4adf2a6-c167-4541-9128-d6c8e357baf1_1520x2758-564x1024.jpeg 564w, https:\/\/ivarssonsafety.se\/wp-content\/uploads\/2024\/11\/e4adf2a6-c167-4541-9128-d6c8e357baf1_1520x2758-165x300.jpeg 165w, https:\/\/ivarssonsafety.se\/wp-content\/uploads\/2024\/11\/e4adf2a6-c167-4541-9128-d6c8e357baf1_1520x2758-768x1394.jpeg 768w, https:\/\/ivarssonsafety.se\/wp-content\/uploads\/2024\/11\/e4adf2a6-c167-4541-9128-d6c8e357baf1_1520x2758-847x1536.jpeg 847w, https:\/\/ivarssonsafety.se\/wp-content\/uploads\/2024\/11\/e4adf2a6-c167-4541-9128-d6c8e357baf1_1520x2758-1129x2048.jpeg 1129w, https:\/\/ivarssonsafety.se\/wp-content\/uploads\/2024\/11\/e4adf2a6-c167-4541-9128-d6c8e357baf1_1520x2758-scaled.jpeg 1411w\" sizes=\"auto, (max-width: 564px) 100vw, 564px\" \/><\/figure>\n<\/div>\n<\/div>\n","protected":false},"excerpt":{"rendered":"<p>Min blogg &#8221;On System Safety&#8221; p\u00e5 Substack Jag skriver om systems\u00e4kerhet p\u00e5 Substack. Mycket handlar om v\u00e5rden, men jag skriver \u00e4ven om s\u00e4kerhet mer generellt, och om till\u00e4mpningar inom andra omr\u00e5den. Prenumerera g\u00e4rna <span class=\"excerpt-dots\">&hellip;<\/span> <a class=\"more-link\" href=\"https:\/\/ivarssonsafety.se\/index.php\/mina-publikationer\/\"><span class=\"more-msg\">L\u00e4s mer &rarr;<\/span><\/a><\/p>\n","protected":false},"author":1,"featured_media":0,"parent":0,"menu_order":25,"comment_status":"closed","ping_status":"closed","template":"","meta":{"footnotes":""},"class_list":["post-1535","page","type-page","status-publish","hentry"],"_links":{"self":[{"href":"https:\/\/ivarssonsafety.se\/index.php\/wp-json\/wp\/v2\/pages\/1535","targetHints":{"allow":["GET"]}}],"collection":[{"href":"https:\/\/ivarssonsafety.se\/index.php\/wp-json\/wp\/v2\/pages"}],"about":[{"href":"https:\/\/ivarssonsafety.se\/index.php\/wp-json\/wp\/v2\/types\/page"}],"author":[{"embeddable":true,"href":"https:\/\/ivarssonsafety.se\/index.php\/wp-json\/wp\/v2\/users\/1"}],"replies":[{"embeddable":true,"href":"https:\/\/ivarssonsafety.se\/index.php\/wp-json\/wp\/v2\/comments?post=1535"}],"version-history":[{"count":8,"href":"https:\/\/ivarssonsafety.se\/index.php\/wp-json\/wp\/v2\/pages\/1535\/revisions"}],"predecessor-version":[{"id":1601,"href":"https:\/\/ivarssonsafety.se\/index.php\/wp-json\/wp\/v2\/pages\/1535\/revisions\/1601"}],"wp:attachment":[{"href":"https:\/\/ivarssonsafety.se\/index.php\/wp-json\/wp\/v2\/media?parent=1535"}],"curies":[{"name":"wp","href":"https:\/\/api.w.org\/{rel}","templated":true}]}}