{"id":261,"date":"2022-12-31T11:12:06","date_gmt":"2022-12-31T12:12:06","guid":{"rendered":"https:\/\/ivarssonsafety.se\/?page_id=261"},"modified":"2024-11-11T21:03:33","modified_gmt":"2024-11-11T22:03:33","slug":"las-mer-om-sakerhet","status":"publish","type":"page","link":"https:\/\/ivarssonsafety.se\/index.php\/las-mer-om-sakerhet\/","title":{"rendered":"Mer om s\u00e4kerhet, l\u00e4nktips"},"content":{"rendered":"\n<div class=\"wp-block-columns is-layout-flex wp-container-core-columns-is-layout-9d6595d7 wp-block-columns-is-layout-flex\">\n<div class=\"wp-block-column is-layout-flow wp-block-column-is-layout-flow\" style=\"flex-basis:70%\">\n<h3 class=\"wp-block-heading has-midnight-gradient-background has-background\"><strong>Om STAMP, STPA och CAST<\/strong><\/h3>\n\n\n\n<p class=\"has-midnight-gradient-background has-background\">Om ni vill l\u00e4ra er mer om systems\u00e4kerhet finns mycket att h\u00e4mta p\u00e5 MIT:s hemsida: <a href=\"https:\/\/psas.scripts.mit.edu\/home\">https:\/\/psas.scripts.mit.edu\/home<\/a><\/p>\n\n\n\n<ul class=\"wp-block-list\">\n<li>STAMP=System-Theoretic Accident Model and Processes<\/li>\n\n\n\n<li>STPA=Systems-Theoretic Process Analysis<\/li>\n\n\n\n<li>CAST=Causal Analysis based on System Theory<\/li>\n<\/ul>\n\n\n\n<h3 class=\"wp-block-heading has-midnight-gradient-background has-background\"><strong>Svenskt N\u00e4tverk f\u00f6r Systems\u00e4kerhet (SNSS)<\/strong><\/h3>\n\n\n\n<p class=\"has-midnight-gradient-background has-background\">Mycket information finns ocks\u00e5 samlat p\u00e5 SNSS (Svenskt N\u00e4tverk f\u00f6r systems\u00e4kerhet) hemsida: <a href=\"https:\/\/snss.nu\/relaterande-lankar\/\">https:\/\/snss.nu\/relaterande-lankar\/<\/a><\/p>\n<\/div>\n<\/div>\n\n\n\n<h3 class=\"wp-block-heading has-midnight-gradient-background has-background\"><strong>\u00d6vriga l\u00e4nkar<\/strong><\/h3>\n\n\n\n<p class=\"has-medium-font-size\"><strong>Patients\u00e4kerhet<\/strong><\/p>\n\n\n\n<ul class=\"wp-block-list\">\n<li><a href=\"https:\/\/patientsakerhet.socialstyrelsen.se\/\">Socialstyrelsen: Patients\u00e4kerhet<\/a><\/li>\n\n\n\n<li><a href=\"https:\/\/patientsakerhet.socialstyrelsen.se\/ledning-och-styrning\/nationell-handlingsplan\/\">Socialstyrelsen: Nationell handlingsplan f\u00f6r \u00f6kad patients\u00e4kerhet<\/a><\/li>\n\n\n\n<li><a href=\"https:\/\/www.riksdagen.se\/sv\/dokument-och-lagar\/dokument\/svensk-forfattningssamling\/patientsakerhetslag-2010659_sfs-2010-659\/\">Sveriges riksdag: Patients\u00e4kerhetslagen<\/a><\/li>\n\n\n\n<li><a href=\"https:\/\/www.lakemedelsverket.se\/sv\/tillstand-godkannande-och-kontroll\">L\u00e4kemedelsverket: Tillst\u00e5nd, godk\u00e4nnande och kontroll<\/a><\/li>\n\n\n\n<li><a href=\"https:\/\/www.lakemedelsverket.se\/sv\/medicinteknik\">L\u00e4kemedelsverket: Medicinteknik<\/a><\/li>\n\n\n\n<li><a href=\"https:\/\/www.ivo.se\/\">Inspektionen f\u00f6r v\u00e5rd och omsorg<\/a><\/li>\n\n\n\n<li><a href=\"https:\/\/lof.se\/patientsakerhet\">L\u00d6F Patients\u00e4kerhet<\/a><\/li>\n<\/ul>\n\n\n\n<p class=\"has-medium-font-size\"><strong>Diverse osorterade l\u00e4nkar<\/strong><\/p>\n\n\n\n<ul class=\"wp-block-list\">\n<li><\/li>\n<\/ul>\n","protected":false},"excerpt":{"rendered":"<p>Om STAMP, STPA och CAST Om ni vill l\u00e4ra er mer om systems\u00e4kerhet finns mycket att h\u00e4mta p\u00e5 MIT:s hemsida: https:\/\/psas.scripts.mit.edu\/home Svenskt N\u00e4tverk f\u00f6r Systems\u00e4kerhet (SNSS) Mycket information finns ocks\u00e5 samlat p\u00e5 SNSS <span class=\"excerpt-dots\">&hellip;<\/span> <a class=\"more-link\" href=\"https:\/\/ivarssonsafety.se\/index.php\/las-mer-om-sakerhet\/\"><span class=\"more-msg\">L\u00e4s mer &rarr;<\/span><\/a><\/p>\n","protected":false},"author":1,"featured_media":0,"parent":0,"menu_order":30,"comment_status":"closed","ping_status":"closed","template":"","meta":{"footnotes":""},"class_list":["post-261","page","type-page","status-publish","hentry"],"_links":{"self":[{"href":"https:\/\/ivarssonsafety.se\/index.php\/wp-json\/wp\/v2\/pages\/261","targetHints":{"allow":["GET"]}}],"collection":[{"href":"https:\/\/ivarssonsafety.se\/index.php\/wp-json\/wp\/v2\/pages"}],"about":[{"href":"https:\/\/ivarssonsafety.se\/index.php\/wp-json\/wp\/v2\/types\/page"}],"author":[{"embeddable":true,"href":"https:\/\/ivarssonsafety.se\/index.php\/wp-json\/wp\/v2\/users\/1"}],"replies":[{"embeddable":true,"href":"https:\/\/ivarssonsafety.se\/index.php\/wp-json\/wp\/v2\/comments?post=261"}],"version-history":[{"count":48,"href":"https:\/\/ivarssonsafety.se\/index.php\/wp-json\/wp\/v2\/pages\/261\/revisions"}],"predecessor-version":[{"id":1584,"href":"https:\/\/ivarssonsafety.se\/index.php\/wp-json\/wp\/v2\/pages\/261\/revisions\/1584"}],"wp:attachment":[{"href":"https:\/\/ivarssonsafety.se\/index.php\/wp-json\/wp\/v2\/media?parent=261"}],"curies":[{"name":"wp","href":"https:\/\/api.w.org\/{rel}","templated":true}]}}