{"id":78,"date":"2022-12-30T15:02:16","date_gmt":"2022-12-30T16:02:16","guid":{"rendered":"https:\/\/patientsafety.se\/ivarssonsafety.se\/?page_id=78"},"modified":"2024-11-09T22:16:51","modified_gmt":"2024-11-09T23:16:51","slug":"om","status":"publish","type":"page","link":"https:\/\/ivarssonsafety.se\/index.php\/om\/","title":{"rendered":"Om"},"content":{"rendered":"\n<div class=\"wp-block-columns is-layout-flex wp-container-core-columns-is-layout-9d6595d7 wp-block-columns-is-layout-flex\">\n<div class=\"wp-block-column has-midnight-gradient-background has-background is-layout-flow wp-block-column-is-layout-flow\" style=\"flex-basis:65%\">\n<div class=\"wp-block-columns has-midnight-gradient-background has-background is-layout-flex wp-container-core-columns-is-layout-9d6595d7 wp-block-columns-is-layout-flex\">\n<div class=\"wp-block-column has-midnight-gradient-background has-background is-layout-flow wp-block-column-is-layout-flow\" style=\"flex-basis:80%\">\n<h3 class=\"wp-block-heading has-midnight-gradient-background has-background\"><strong>Om mig:<\/strong><\/h3>\n\n\n\n<p class=\"has-midnight-gradient-background has-background\">Jag \u00e4r b\u00e5de civilingenj\u00f6r och legitimerad l\u00e4kare och har arbetat m\u00e5nga \u00e5r inom b\u00e5da yrkena. Som civilingenj\u00f6r har jag framf\u00f6rallt arbetat med s\u00e4kerhetsfr\u00e5gor f\u00f6r j\u00e4rnv\u00e4g och sp\u00e5rv\u00e4g, men \u00e4ven med verksamhetsutveckling och utbildning och som systemingenj\u00f6r. Som l\u00e4kare har jag huvudsakligen intresserat mig f\u00f6r patients\u00e4kerhetsfr\u00e5gorna.<\/p>\n\n\n\n<p class=\"has-midnight-gradient-background has-background\">Se g\u00e4rna min profil p\u00e5 LinkedIn f\u00f6r mer information om min bakgrund: <a href=\"https:\/\/www.linkedin.com\/in\/kerstinivarsson\/\">https:\/\/www.linkedin.com\/in\/kerstinivarsson\/<\/a><\/p>\n\n\n\n<h3 class=\"wp-block-heading has-midnight-gradient-background has-background\"><strong>Om Ivarsson Safety Management &amp; Education<\/strong><\/h3>\n\n\n\n<p class=\"has-midnight-gradient-background has-background\">F\u00f6retaget \u00e4r en enskild firma och namnet \u00e4r p\u00e5 engelska eftersom begreppet s\u00e4kerhet annars kan feltolkas som security. F\u00f6retaget \u00e4r en plattform f\u00f6r konsulttj\u00e4nster inom systems\u00e4kerhet, s\u00e5dant jag tidigare gjort som anst\u00e4lld, men huvudsyftet numera \u00e4r att arbeta f\u00f6r att \u00f6ka anv\u00e4ndningen av systems\u00e4kerhet i samh\u00e4llet, framf\u00f6rallt inom v\u00e5rd och omsorg, genom debatt och utbildning.<\/p>\n<\/div>\n<\/div>\n<\/div>\n\n\n\n<div class=\"wp-block-column is-layout-flow wp-block-column-is-layout-flow\" style=\"flex-basis:5%\"><\/div>\n\n\n\n<div class=\"wp-block-column is-layout-flow wp-block-column-is-layout-flow\" style=\"flex-basis:30%\"><div class=\"wp-block-image\">\n<figure class=\"aligncenter size-medium\"><img loading=\"lazy\" decoding=\"async\" width=\"294\" height=\"300\" src=\"https:\/\/ivarssonsafety.se\/wp-content\/uploads\/2023\/01\/IMG_6201-mindre-beskuren-2-294x300.jpg\" alt=\"\" class=\"wp-image-474\" srcset=\"https:\/\/ivarssonsafety.se\/wp-content\/uploads\/2023\/01\/IMG_6201-mindre-beskuren-2-294x300.jpg 294w, https:\/\/ivarssonsafety.se\/wp-content\/uploads\/2023\/01\/IMG_6201-mindre-beskuren-2.jpg 374w\" sizes=\"auto, (max-width: 294px) 100vw, 294px\" \/><\/figure>\n<\/div>\n\n\n<p class=\"has-black-background-color has-background\">Foto: Sonia \u00c5str\u00f6m<\/p>\n<\/div>\n<\/div>\n","protected":false},"excerpt":{"rendered":"<p>Om mig: Jag \u00e4r b\u00e5de civilingenj\u00f6r och legitimerad l\u00e4kare och har arbetat m\u00e5nga \u00e5r inom b\u00e5da yrkena. Som civilingenj\u00f6r har jag framf\u00f6rallt arbetat med s\u00e4kerhetsfr\u00e5gor f\u00f6r j\u00e4rnv\u00e4g och sp\u00e5rv\u00e4g, men \u00e4ven med verksamhetsutveckling <span class=\"excerpt-dots\">&hellip;<\/span> <a class=\"more-link\" href=\"https:\/\/ivarssonsafety.se\/index.php\/om\/\"><span class=\"more-msg\">L\u00e4s mer &rarr;<\/span><\/a><\/p>\n","protected":false},"author":1,"featured_media":0,"parent":0,"menu_order":60,"comment_status":"closed","ping_status":"closed","template":"","meta":{"footnotes":""},"class_list":["post-78","page","type-page","status-publish","hentry"],"_links":{"self":[{"href":"https:\/\/ivarssonsafety.se\/index.php\/wp-json\/wp\/v2\/pages\/78","targetHints":{"allow":["GET"]}}],"collection":[{"href":"https:\/\/ivarssonsafety.se\/index.php\/wp-json\/wp\/v2\/pages"}],"about":[{"href":"https:\/\/ivarssonsafety.se\/index.php\/wp-json\/wp\/v2\/types\/page"}],"author":[{"embeddable":true,"href":"https:\/\/ivarssonsafety.se\/index.php\/wp-json\/wp\/v2\/users\/1"}],"replies":[{"embeddable":true,"href":"https:\/\/ivarssonsafety.se\/index.php\/wp-json\/wp\/v2\/comments?post=78"}],"version-history":[{"count":31,"href":"https:\/\/ivarssonsafety.se\/index.php\/wp-json\/wp\/v2\/pages\/78\/revisions"}],"predecessor-version":[{"id":1553,"href":"https:\/\/ivarssonsafety.se\/index.php\/wp-json\/wp\/v2\/pages\/78\/revisions\/1553"}],"wp:attachment":[{"href":"https:\/\/ivarssonsafety.se\/index.php\/wp-json\/wp\/v2\/media?parent=78"}],"curies":[{"name":"wp","href":"https:\/\/api.w.org\/{rel}","templated":true}]}}